{"id":3,"date":"2020-06-22T16:42:18","date_gmt":"2020-06-22T14:42:18","guid":{"rendered":"https:\/\/www.tougne-avocat.fr\/?page_id=3"},"modified":"2025-01-17T18:11:51","modified_gmt":"2025-01-17T17:11:51","slug":"politique-de-confidentialite","status":"publish","type":"page","link":"https:\/\/www.tougne-avocat.fr\/index.php\/politique-de-confidentialite\/","title":{"rendered":"Mentions L\u00e9gales"},"content":{"rendered":"<div class=\"wpb-content-wrapper\"><p>[vc_row css_animation=\u00a0\u00bb\u00a0\u00bb row_type=\u00a0\u00bbrow\u00a0\u00bb use_row_as_full_screen_section=\u00a0\u00bbno\u00a0\u00bb type=\u00a0\u00bbfull_width\u00a0\u00bb angled_section=\u00a0\u00bbno\u00a0\u00bb text_align=\u00a0\u00bbleft\u00a0\u00bb background_image_as_pattern=\u00a0\u00bbwithout_pattern\u00a0\u00bb][vc_column][vc_empty_space height=\u00a0\u00bb262&Prime;][\/vc_column][\/vc_row][vc_row css_animation=\u00a0\u00bb\u00a0\u00bb row_type=\u00a0\u00bbrow\u00a0\u00bb use_row_as_full_screen_section=\u00a0\u00bbno\u00a0\u00bb type=\u00a0\u00bbfull_width\u00a0\u00bb angled_section=\u00a0\u00bbno\u00a0\u00bb text_align=\u00a0\u00bbleft\u00a0\u00bb background_image_as_pattern=\u00a0\u00bbwithout_pattern\u00a0\u00bb][vc_column][vc_column_text]<\/p>\n<p style=\"font-weight: 400;\"><strong>MENTIONS LEGALES<\/strong><\/p>\n<p style=\"font-weight: 400;\">Le pr\u00e9sent site Internet accessible \u00e0 partir de l\u2019adresse URL\u00a0https:\/\/www.tougne-avocat.fr\/ (ci-apr\u00e8s le \u00ab Site Internet \u00bb) est \u00e9dit\u00e9 par\u00a0 Sophie Tougne, Avocate, \u00a0exer\u00e7ant \u00e0 titre individuel, Siret 44163410200046 \u00a0(ci-apr\u00e8s \u00ab l\u2019entreprise \u00bb).<\/p>\n<p style=\"font-weight: 400;\">L\u2019h\u00e9bergeur de ce Site Internet est la soci\u00e9t\u00e9 OVH, SAS au capital de 10 069 020 \u20ac<\/p>\n<p style=\"font-weight: 400;\">RCS Lille M\u00e9tropole 424 761 419 00045 \u2013\u00a0Code APE 2620Z \u2013\u00a0N\u00b0 TVA : FR 22 424 761 419<\/p>\n<p style=\"font-weight: 400;\">Si\u00e8ge social : 2 rue Kellermann \u2013 59100 Roubaix \u2013 France<\/p>\n<p style=\"font-weight: 400;\">Les informations consultables sur le pr\u00e9sent site ne constituent en aucune fa\u00e7on une offre de services, ni une offre ou une recommandation et\/ou une sollicitation d\u2019offre de ces services. Le pr\u00e9sent site est un site de droit fran\u00e7ais, soumis aux juridictions fran\u00e7aises et a pour langue officielle le fran\u00e7ais.<\/p>\n<p>&nbsp;<\/p>\n<p style=\"font-weight: 400;\"><strong>Propri\u00e9t\u00e9 intellectuelle<\/strong><\/p>\n<p style=\"font-weight: 400;\">Les informations contenues dans ce site sont soumises \u00e0 la loi fran\u00e7aise et sont fournies sans garantie d\u2019aucune sorte, ni explicite ni tacite. Ces informations peuvent contenir des inexactitudes techniques ou des erreurs typographiques. Elles sont non contractuelles et sujettes \u00e0 modification sans pr\u00e9avis.<\/p>\n<p style=\"font-weight: 400;\">L\u2019ensemble des contenus, pages, scripts, ic\u00f4nes et sons de ce site sont la propri\u00e9t\u00e9 exclusive de SOPHIE TOUGNE ou des d\u00e9tenteurs de droits mentionn\u00e9s. Toute production, reproduction ou repr\u00e9sentation de ce site, en tout ou partie (textes, sons ou images), sur quelque support que ce soit est interdite. Le non-respect de cette interdiction constitue une contrefa\u00e7on pouvant engager la responsabilit\u00e9 civile et p\u00e9nale du contrefacteur. Il est strictement interdit d\u2019utiliser ou de reproduire le nom\u00a0 SOPHIE TOUGNE, ainsi que tout logo et visuel\u00a0 SOPHIE TOUGNE, seuls ou associ\u00e9s, \u00e0 quelque titre que ce soit.<\/p>\n<p style=\"font-weight: 400;\">En l\u2019absence de tout engagement contractuel,\u00a0 SOPHIE TOUGNE peut \u00e0 tout moment supprimer toute information ou toute r\u00e9f\u00e9rence sur son site ou m\u00eame suspendre le dit site sans pr\u00e9avis.<\/p>\n<p style=\"font-weight: 400;\">Les bases de donn\u00e9es figurant sur le serveur Internet sont prot\u00e9g\u00e9es par la loi du 1er juillet 1998.<\/p>\n<p>&nbsp;<\/p>\n<p style=\"font-weight: 400;\"><strong>Informations nominatives, protection des donn\u00e9es personnelles<\/strong><\/p>\n<p style=\"font-weight: 400;\">Conform\u00e9ment aux dispositions de l\u2019article 22 de la loi n\u00b078-17 du 6 janvier 1978 modifi\u00e9e par la loi n\u00b02004-801 du 6 ao\u00fbt 2004, les traitements de donn\u00e9es personnelles collect\u00e9es ou diffus\u00e9es \u00e0 partir de ce site internet ont fait l\u2019objet d\u2019une d\u00e9claration pr\u00e9alable en France aupr\u00e8s de la Commission Nationale de l\u2019Informatique et des Libert\u00e9s.<\/p>\n<p style=\"font-weight: 400;\">L\u2019adresse de courrier \u00e9lectronique et toute autre donn\u00e9e \u00e0 caract\u00e8re personnel ajout\u00e9e volontairement par l\u2019Utilisateur afin de s\u2019identifier dans son courrier \u00e9lectronique adress\u00e9 \u00e0 l\u2019entreprise ainsi que les adresses IP qui se rapportent \u00e0 sa connexion Internet sont les seules informations \u00e0 caract\u00e8re personnel susceptibles d\u2019\u00eatre collect\u00e9es au moyen du Site Internet et trait\u00e9es par l\u2019entreprise (d\u00e9sign\u00e9es ci-apr\u00e8s ensemble comme les \u00ab Donn\u00e9es Personnelles \u00bb).<\/p>\n<p>&nbsp;<\/p>\n<p style=\"font-weight: 400;\"><strong>Le responsable des traitements des Donn\u00e9es Personnelles est l\u2019entreprise.<\/strong><\/p>\n<p style=\"font-weight: 400;\">L\u2019adresse de courrier \u00e9lectronique et toute autre donn\u00e9e \u00e0 caract\u00e8re personnel ajout\u00e9e par l\u2019Utilisateur dans son courrier \u00e9lectronique afin de s\u2019identifier sont collect\u00e9es lors de l\u2019envoi du courrier \u00e9lectronique.<\/p>\n<p style=\"font-weight: 400;\">Ces donn\u00e9es ne sont conserv\u00e9es et utilis\u00e9es qu\u2019aux seules fins de r\u00e9pondre aux courriers \u00e9lectroniques adress\u00e9s \u00e0 l\u2019entreprise et \u00e0 ses membres. Une adresse de courrier \u00e9lectronique valide de l\u2019Utilisateur doit \u00eatre transmise \u00e0 l\u2019entreprise afin que celui-ci puisse r\u00e9pondre au courrier \u00e9lectronique envoy\u00e9. Toute autre donn\u00e9e \u00e0 caract\u00e8re personnel est facultative et fournie volontairement par l\u2019Utilisateur dans son courrier \u00e9lectronique. Les donn\u00e9es susvis\u00e9es sont conserv\u00e9es pendant toute la dur\u00e9e n\u00e9cessaire aux finalit\u00e9s pour lesquelles elles sont collect\u00e9es et trait\u00e9es.<\/p>\n<p style=\"font-weight: 400;\">Les Donn\u00e9es Personnelles collect\u00e9es et trait\u00e9es par l\u2019entreprise au moyen du Site Internet ne sont pas c\u00e9d\u00e9es ou lou\u00e9es, \u00e0 titre gratuit ou on\u00e9reux, \u00e0 des tiers.<\/p>\n<p style=\"font-weight: 400;\">Chaque Utilisateur justifiant de son identit\u00e9 peut demander \u00e0 l\u2019entreprise :<\/p>\n<p style=\"font-weight: 400;\">\u2013 la confirmation de l\u2019existence ou non d\u2019un traitement des Donn\u00e9es Personnelles le concernant par l\u2019entreprise ou pour son compte ;<\/p>\n<p style=\"font-weight: 400;\">\u2013 des informations relatives aux finalit\u00e9s du ou des traitements, aux cat\u00e9gories de Donn\u00e9es Personnelles trait\u00e9es et aux destinataires de ces donn\u00e9es au sein de l\u2019entreprise<\/p>\n<p style=\"font-weight: 400;\">\u2013 des informations relatives aux transferts de Donn\u00e9es Personnelles le concernant envisag\u00e9s \u00e0 destination d\u2019un \u00c9tat non membre de la Communaut\u00e9 europ\u00e9enne ;<\/p>\n<p style=\"font-weight: 400;\">\u2013 la communication, sous une forme accessible, des Donn\u00e9es Personnelles qui le concernent ainsi que de toute information disponible quant \u00e0 l\u2019origine de celles-ci. Une copie des Donn\u00e9es Personnelles est d\u00e9livr\u00e9e gratuitement \u00e0 l\u2019Utilisateur, sous r\u00e9serve qu\u2019une telle demande ne soit pas manifestement abusive, notamment par son caract\u00e8re r\u00e9p\u00e9titif ou syst\u00e9matique.<\/p>\n<p style=\"font-weight: 400;\">Conform\u00e9ment aux articles 39 et suivants de la loi n\u00b0 78-17 du 6 janvier 1978 modifi\u00e9e par la loi n\u00b02004-801 du 6 ao\u00fbt 2004, chaque Utilisateur justifiant de son identit\u00e9 peut exiger que soient, selon les cas, rectifi\u00e9es, compl\u00e9t\u00e9es, mises \u00e0 jour ou effac\u00e9es les Donn\u00e9es Personnelles le concernant, qui sont inexactes, incompl\u00e8tes, \u00e9quivoques, p\u00e9rim\u00e9es, ou dont l\u2019utilisation ou la conservation serait interdite.<\/p>\n<p style=\"font-weight: 400;\">Les donn\u00e9es \u00e0 caract\u00e8re personnel relatives aux membres de l\u2019entreprise qui sont rendues accessibles sur le Site Internet ne peuvent \u00eatre collect\u00e9es et faire l\u2019objet d\u2019un traitement sans l\u2019accord pr\u00e9alable et \u00e9crit de la personne concern\u00e9e. En particulier, chaque utilisateur s\u2019interdit de collecter et d\u2019utiliser, de mani\u00e8re manuelle ou automatis\u00e9e, ces donn\u00e9es \u00e0 caract\u00e8re personnel pour envoyer des messages publicitaires ou de quelque autre nature qui n\u2019aurait pas de relation avec les activit\u00e9s de l\u2019entreprise et de ses membres.<\/p>\n<p>&nbsp;<\/p>\n<p style=\"font-weight: 400;\"><strong>Cr\u00e9dits<\/strong><\/p>\n<p style=\"font-weight: 400;\">Ce site a \u00e9t\u00e9 d\u00e9sign\u00e9 et d\u00e9velopp\u00e9 par\u00a0<a href=\"https:\/\/weareblow.com\/\">lautreagence.com<\/a><\/p>\n<p>[\/vc_column_text][vc_empty_space height=\u00a0\u00bb62&Prime;][\/vc_column][\/vc_row]<\/p>\n<\/div>","protected":false},"excerpt":{"rendered":"<p>[vc_row css_animation=\u00a0\u00bb\u00a0\u00bb row_type=\u00a0\u00bbrow\u00a0\u00bb use_row_as_full_screen_section=\u00a0\u00bbno\u00a0\u00bb type=\u00a0\u00bbfull_width\u00a0\u00bb&#8230;<\/p>\n","protected":false},"author":1,"featured_media":0,"parent":0,"menu_order":0,"comment_status":"closed","ping_status":"open","template":"","meta":{"footnotes":""},"class_list":["post-3","page","type-page","status-publish","hentry"],"_links":{"self":[{"href":"https:\/\/www.tougne-avocat.fr\/index.php\/wp-json\/wp\/v2\/pages\/3","targetHints":{"allow":["GET"]}}],"collection":[{"href":"https:\/\/www.tougne-avocat.fr\/index.php\/wp-json\/wp\/v2\/pages"}],"about":[{"href":"https:\/\/www.tougne-avocat.fr\/index.php\/wp-json\/wp\/v2\/types\/page"}],"author":[{"embeddable":true,"href":"https:\/\/www.tougne-avocat.fr\/index.php\/wp-json\/wp\/v2\/users\/1"}],"replies":[{"embeddable":true,"href":"https:\/\/www.tougne-avocat.fr\/index.php\/wp-json\/wp\/v2\/comments?post=3"}],"version-history":[{"count":14,"href":"https:\/\/www.tougne-avocat.fr\/index.php\/wp-json\/wp\/v2\/pages\/3\/revisions"}],"predecessor-version":[{"id":16286,"href":"https:\/\/www.tougne-avocat.fr\/index.php\/wp-json\/wp\/v2\/pages\/3\/revisions\/16286"}],"wp:attachment":[{"href":"https:\/\/www.tougne-avocat.fr\/index.php\/wp-json\/wp\/v2\/media?parent=3"}],"curies":[{"name":"wp","href":"https:\/\/api.w.org\/{rel}","templated":true}]}}